{"id":118500,"date":"2024-01-16T12:52:03","date_gmt":"2024-01-16T11:52:03","guid":{"rendered":"https:\/\/www.mounthagen.de\/impressum\/"},"modified":"2025-05-27T09:50:05","modified_gmt":"2025-05-27T07:50:05","slug":"impressum","status":"publish","type":"page","link":"https:\/\/staging.mounthagen.de\/en\/impressum\/","title":{"rendered":"Impressum"},"content":{"rendered":"\t\t<div data-elementor-type=\"wp-page\" data-elementor-id=\"118500\" class=\"elementor elementor-118500 elementor-96\" data-elementor-post-type=\"page\">\n\t\t\t\t<div class=\"elementor-element elementor-element-2530bb8 e-flex e-con-boxed e-con e-parent\" data-id=\"2530bb8\" data-element_type=\"container\" data-e-type=\"container\">\n\t\t\t\t\t<div class=\"e-con-inner\">\n\t\t\t\t<div class=\"elementor-element elementor-element-301dd32d elementor-widget elementor-widget-text-editor\" data-id=\"301dd32d\" data-element_type=\"widget\" data-e-type=\"widget\" data-widget_type=\"text-editor.default\">\n\t\t\t\t<div class=\"elementor-widget-container\">\n\t\t\t\t\t\t\t\t\t<h2>Angaben gem\u00e4\u00df \u00a7 5 TMG<\/h2><p>Wertform GmbH, Hamburg<br \/>Cafeastra\u00dfe 1<br \/>21107 Hamburg<\/p><p>Handelsregister: Amtsgericht Hamburg<br \/>Registergericht: HRB 77350<br \/>Kontrollstelle: DE-\u00d6KO-005<\/p><p><strong>Vertreten durch:<\/strong><br \/>Gesch\u00e4ftsf\u00fchrer: Jan Beernd Rothfos, Anne Kathrin Rothfos<br \/>Prokurist: Sven Philipp Engelmann\u00a0<\/p><h2>Kontakt<\/h2><p>Telefon: +49 (0) 40 753 04 \u2013 485<br \/>Telefax: +49 (0) 40 753 04 \u2013 492<br \/>E-Mail: info@mounthagen.de<\/p><h2>Umsatzsteuer-ID<\/h2><p>Umsatzsteuer-Identifikationsnummer gem\u00e4\u00df \u00a7 27 a Umsatzsteuergesetz:<br \/>DE 213 611 548<\/p><h2>EU-Streitschlichtung<\/h2><p>Die Europ\u00e4ische Kommission stellt eine Plattform zur Online-Streitbeilegung (OS) bereit: <a href=\"https:\/\/ec.europa.eu\/consumers\/odr\" target=\"_blank\" rel=\"noopener noreferrer\">https:\/\/ec.europa.eu\/consumers\/odr<\/a>.<br \/>Unsere E-Mail-Adresse finden Sie oben im Impressum.<\/p><h2>Verbraucher\u00adstreit\u00adbeilegung\/Universal\u00adschlichtungs\u00adstelle<\/h2><p>Wir sind nicht bereit oder verpflichtet, an Streitbeilegungsverfahren vor einer Verbraucherschlichtungsstelle teilzunehmen.<\/p><h3>Haftung f\u00fcr Inhalte<\/h3><p>Als Diensteanbieter sind wir gem\u00e4\u00df \u00a7 7 Abs.1 TMG f\u00fcr eigene Inhalte auf diesen Seiten nach den allgemeinen Gesetzen verantwortlich. Nach \u00a7\u00a7 8 bis 10 TMG sind wir als Diensteanbieter jedoch nicht verpflichtet, \u00fcbermittelte oder gespeicherte fremde Informationen zu \u00fcberwachen oder nach Umst\u00e4nden zu forschen, die auf eine rechtswidrige T\u00e4tigkeit hinweisen.<\/p><p>Verpflichtungen zur Entfernung oder Sperrung der Nutzung von Informationen nach den allgemeinen Gesetzen bleiben hiervon unber\u00fchrt. Eine diesbez\u00fcgliche Haftung ist jedoch erst ab dem Zeitpunkt der Kenntnis einer konkreten Rechtsverletzung m\u00f6glich. Bei Bekanntwerden von entsprechenden Rechtsverletzungen werden wir diese Inhalte umgehend entfernen.<\/p><h3>Haftung f\u00fcr Links<\/h3><p>Unser Angebot enth\u00e4lt Links zu externen Websites Dritter, auf deren Inhalte wir keinen Einfluss haben. Deshalb k\u00f6nnen wir f\u00fcr diese fremden Inhalte auch keine Gew\u00e4hr \u00fcbernehmen. F\u00fcr die Inhalte der verlinkten Seiten ist stets der jeweilige Anbieter oder Betreiber der Seiten verantwortlich. Die verlinkten Seiten wurden zum Zeitpunkt der Verlinkung auf m\u00f6gliche Rechtsverst\u00f6\u00dfe \u00fcberpr\u00fcft. Rechtswidrige Inhalte waren zum Zeitpunkt der Verlinkung nicht erkennbar.<\/p><p>Eine permanente inhaltliche Kontrolle der verlinkten Seiten ist jedoch ohne konkrete Anhaltspunkte einer Rechtsverletzung nicht zumutbar. Bei Bekanntwerden von Rechtsverletzungen werden wir derartige Links umgehend entfernen.<\/p><h3>Urheberrecht<\/h3><p>Die durch die Seitenbetreiber erstellten Inhalte und Werke auf diesen Seiten unterliegen dem deutschen Urheberrecht. Die Vervielf\u00e4ltigung, Bearbeitung, Verbreitung und jede Art der Verwertung au\u00dferhalb der Grenzen des Urheberrechtes bed\u00fcrfen der schriftlichen Zustimmung des jeweiligen Autors bzw. Erstellers. Downloads und Kopien dieser Seite sind nur f\u00fcr den privaten, nicht kommerziellen Gebrauch gestattet.<\/p><p>Soweit die Inhalte auf dieser Seite nicht vom Betreiber erstellt wurden, werden die Urheberrechte Dritter beachtet. Insbesondere werden Inhalte Dritter als solche gekennzeichnet. Sollten Sie trotzdem auf eine Urheberrechtsverletzung aufmerksam werden, bitten wir um einen entsprechenden Hinweis. Bei Bekanntwerden von Rechtsverletzungen werden wir derartige Inhalte umgehend entfernen.<\/p><h3>Alternative Streitbeilegung gem\u00e4\u00df Art. 14 Abs. 1 ODR-VO und \u00a7 36 VSBG:<\/h3><p>Die Europ\u00e4ische Kommission stellt eine Plattform zur Online-Streitbeilegung (OS) bereit, die du unter <a href=\"https:\/\/ec.europa.eu\/consumers\/odr\" target=\"_blank\" rel=\"noopener noreferrer nofollow\">https:\/\/ec.europa.eu\/consumers\/odr<\/a> findest. Zur Teilnahme an einem Streitbeilegungsverfahren vor einer Verbraucherschlichtungsstelle sind wir nicht verpflichtet und nicht bereit.<\/p><h3>Konzept und Umsetzung<\/h3><p><em><strong>Kohlhas&amp;Mannschaft,<\/strong><\/em> <em><a href=\"https:\/\/www.ko-ma.org\" target=\"_blank\" rel=\"noopener noreferrer nofollow\">ko-ma.org<\/a><\/em><br \/><em>Barbara Kohlhas,<\/em> Creative Director Text<br \/><em>Babette Lichtenford,<\/em> Creative Director Art<br \/><em>Kristin Oldenburg,<\/em> technische Redaktion<br \/><em>Frank Walle,<\/em> technische Umsetzung<\/p>\t\t\t\t\t\t\t\t<\/div>\n\t\t\t\t<\/div>\n\t\t\t\t\t<\/div>\n\t\t\t\t<\/div>\n\t\t\t\t<\/div>\n\t\t","protected":false},"excerpt":{"rendered":"<p>Angaben gem\u00e4\u00df \u00a7 5 TMG Wertform GmbH, HamburgCafeastra\u00dfe 121107 Hamburg Handelsregister: Amtsgericht HamburgRegistergericht: HRB 77350Kontrollstelle: DE-\u00d6KO-005 Vertreten durch:Gesch\u00e4ftsf\u00fchrer: Jan Beernd Rothfos, Anne Kathrin RothfosProkurist: Sven Philipp Engelmann\u00a0 Kontakt Telefon: +49 (0) 40 753 04 \u2013 485Telefax: +49 (0) 40 753 04 \u2013 492E-Mail: info@mounthagen.de Umsatzsteuer-ID Umsatzsteuer-Identifikationsnummer gem\u00e4\u00df \u00a7 27 a Umsatzsteuergesetz:DE 213 611 548 EU-Streitschlichtung [&hellip;]<\/p>\n","protected":false},"author":1,"featured_media":0,"parent":0,"menu_order":0,"comment_status":"closed","ping_status":"closed","template":"elementor_theme","meta":{"_acf_changed":false,"footnotes":""},"class_list":["post-118500","page","type-page","status-publish","hentry"],"acf":[],"_links":{"self":[{"href":"https:\/\/staging.mounthagen.de\/en\/wp-json\/wp\/v2\/pages\/118500","targetHints":{"allow":["GET"]}}],"collection":[{"href":"https:\/\/staging.mounthagen.de\/en\/wp-json\/wp\/v2\/pages"}],"about":[{"href":"https:\/\/staging.mounthagen.de\/en\/wp-json\/wp\/v2\/types\/page"}],"author":[{"embeddable":true,"href":"https:\/\/staging.mounthagen.de\/en\/wp-json\/wp\/v2\/users\/1"}],"replies":[{"embeddable":true,"href":"https:\/\/staging.mounthagen.de\/en\/wp-json\/wp\/v2\/comments?post=118500"}],"version-history":[{"count":6,"href":"https:\/\/staging.mounthagen.de\/en\/wp-json\/wp\/v2\/pages\/118500\/revisions"}],"predecessor-version":[{"id":136515,"href":"https:\/\/staging.mounthagen.de\/en\/wp-json\/wp\/v2\/pages\/118500\/revisions\/136515"}],"wp:attachment":[{"href":"https:\/\/staging.mounthagen.de\/en\/wp-json\/wp\/v2\/media?parent=118500"}],"curies":[{"name":"wp","href":"https:\/\/api.w.org\/{rel}","templated":true}]}}